{"id":14813,"date":"2024-11-11T19:32:12","date_gmt":"2024-11-11T18:32:12","guid":{"rendered":"https:\/\/business.german-hotel-institute.de\/?post_type=product&#038;p=14813"},"modified":"2024-11-11T19:34:26","modified_gmt":"2024-11-11T18:34:26","slug":"sustainable-quality-standards-for-medium-sized-hotels-kopie","status":"publish","type":"product","link":"https:\/\/business.german-hotel-institute.de\/en\/produkt\/sustainable-quality-standards-for-medium-sized-hotels-kopie\/","title":{"rendered":"Sustainable quality standards for medium-sized hotels (Kopie)"},"content":{"rendered":"<p>Dear Ladies and Gentlemen;<\/p>\n<p>Welcome to these sustainable quality standards with templates for medium-sized and privately run hotels!<\/p>\n<p>This edition presents revised and optimized quality standards specifically designed to take operations in the hotel industry to a new level. In response to the ever-growing demands and expectations in the industry, we have carefully revised and optimized these standards.<\/p>\n<p>The standardization of procedures and processes is not only a tool for reducing costs and increasing efficiency, but also contributes significantly to improving communication and workflows. Employees receive clear guidelines and guidelines that give them safety in the workplace, promote trust in the company and increase their motivation.<\/p>\n<p>The HOTQUA quality standards presented in this document are the result of years of experience and practical testing. They have been designed to be implemented with minimal effort and remain in place regardless of staff and shift changes. As a result, employees can be trained quickly and effectively without having to fear the loss of quality.<\/p>\n<p>Special thanks go to my partners and colleagues, who have contributed decisively to the development and adaptation of these standards with their concrete practical experience and technical know-how. A special thank you goes to my wife, Martha Cecilia, who worked tirelessly to make corrections, document checks and improvements.<\/p>\n<p>The quality of our standards has been tested and confirmed by internationally accredited certification bodies such as T\u00dcV S\u00dcD, CERTQUA, DQS, T\u00dcV Th\u00fcringen, T\u00dcV Saarland and MS-Zert. Numerous hotels and restaurants at home and abroad already rely on our standards and benefit from their advantages.<\/p>\n<p>I wish you much joy and success in applying these standards and I am convinced that they will make a valuable contribution to optimizing your operations.<\/p>\n","protected":false},"excerpt":{"rendered":"<div class=\"flex-1 overflow-hidden\">\n<div class=\"react-scroll-to-bottom--css-hueqj-79elbk h-full\">\n<div class=\"react-scroll-to-bottom--css-hueqj-1n7m0yu\">\n<div class=\"flex flex-col text-sm pb-9\">\n<div class=\"w-full text-token-text-primary\" data-testid=\"conversation-turn-25\">\n<div class=\"px-4 py-2 justify-center text-base md:gap-6 m-auto\">\n<div class=\"flex flex-1 text-base mx-auto gap-3 md:px-5 lg:px-1 xl:px-5 md:max-w-3xl lg:max-w-[40rem] xl:max-w-[48rem] group final-completion\">\n<div class=\"relative flex w-full flex-col agent-turn\">\n<div class=\"flex-col gap-1 md:gap-3\">\n<div class=\"flex flex-grow flex-col max-w-full\">\n<div class=\"min-h-[20px] text-message flex flex-col items-start gap-3 whitespace-pre-wrap break-words [.text-message+&amp;]:mt-5 overflow-x-auto\" data-message-author-role=\"assistant\" data-message-id=\"94782186-bc55-45f2-b01b-a00370cecb1a\">\n<div class=\"markdown prose w-full break-words dark:prose-invert dark\">\n<p>Welcome to our sustainable quality standards with templates for medium-sized and privately run hotels! Carefully revised and optimized, these standards elevate hotel operations. Developed with years of experience, they ensure efficiency, communication, and employee motivation. Trusted by internationally accredited bodies like T\u00dcV.<\/p>\n<\/div>\n<\/div>\n<\/div>\n<\/div>\n<\/div>\n<\/div>\n<\/div>\n<\/div>\n<\/div>\n<\/div>\n<\/div>\n<\/div>\n","protected":false},"featured_media":14582,"comment_status":"closed","ping_status":"closed","template":"","meta":[],"product_brand":[],"product_cat":[309],"product_tag":[],"class_list":{"0":"post-14813","1":"product","2":"type-product","3":"status-publish","4":"has-post-thumbnail","6":"product_cat-sustainable-quality-standards-for-hotels","8":"first","9":"instock","10":"downloadable","11":"virtual","12":"taxable","13":"purchasable","14":"product-type-simple"},"_links":{"self":[{"href":"https:\/\/business.german-hotel-institute.de\/en\/wp-json\/wp\/v2\/product\/14813","targetHints":{"allow":["GET"]}}],"collection":[{"href":"https:\/\/business.german-hotel-institute.de\/en\/wp-json\/wp\/v2\/product"}],"about":[{"href":"https:\/\/business.german-hotel-institute.de\/en\/wp-json\/wp\/v2\/types\/product"}],"replies":[{"embeddable":true,"href":"https:\/\/business.german-hotel-institute.de\/en\/wp-json\/wp\/v2\/comments?post=14813"}],"wp:featuredmedia":[{"embeddable":true,"href":"https:\/\/business.german-hotel-institute.de\/en\/wp-json\/wp\/v2\/media\/14582"}],"wp:attachment":[{"href":"https:\/\/business.german-hotel-institute.de\/en\/wp-json\/wp\/v2\/media?parent=14813"}],"wp:term":[{"taxonomy":"product_brand","embeddable":true,"href":"https:\/\/business.german-hotel-institute.de\/en\/wp-json\/wp\/v2\/product_brand?post=14813"},{"taxonomy":"product_cat","embeddable":true,"href":"https:\/\/business.german-hotel-institute.de\/en\/wp-json\/wp\/v2\/product_cat?post=14813"},{"taxonomy":"product_tag","embeddable":true,"href":"https:\/\/business.german-hotel-institute.de\/en\/wp-json\/wp\/v2\/product_tag?post=14813"}],"curies":[{"name":"wp","href":"https:\/\/api.w.org\/{rel}","templated":true}]}}