{"id":13941,"date":"2024-02-17T12:14:06","date_gmt":"2024-02-17T11:14:06","guid":{"rendered":"https:\/\/business.german-hotel-institute.de\/?post_type=product&#038;p=13941"},"modified":"2024-11-01T10:21:13","modified_gmt":"2024-11-01T09:21:13","slug":"estandares-de-calidad-sostenibles-para-hoteles-de-tamano-medio","status":"publish","type":"product","link":"https:\/\/business.german-hotel-institute.de\/es\/produkt\/estandares-de-calidad-sostenibles-para-hoteles-de-tamano-medio\/","title":{"rendered":"Est\u00e1ndares de calidad sostenibles para hoteles de tama\u00f1o medio"},"content":{"rendered":"<p>\u00a1Bienvenido a este documento de est\u00e1ndares de calidad sostenible con plantillas para hoteles medianos y privados!<\/p>\n<p>Esta edici\u00f3n presenta est\u00e1ndares de calidad revisados y optimizados. Dise\u00f1ados espec\u00edficamente para llevar las operaciones en la industria hotelera a un nuevo nivel. En respuesta a las crecientes demandas y expectativas de la industria, hemos revisado y optimizado cuidadosamente estos est\u00e1ndares.<\/p>\n<p>La estandarizaci\u00f3n de procedimientos y procesos no solo es una herramienta para reducir costos y aumentar la eficiencia, sino que tambi\u00e9n contribuye significativamente a mejorar la comunicaci\u00f3n y los flujos de trabajo. Los empleados reciben instrucciones y pautas claras que les dan seguridad en el lugar de trabajo, promueven la confianza en la empresa y aumentan su motivaci\u00f3n.<\/p>\n<p>Los est\u00e1ndares de calidad de HOTQUA presentados en este documento son el resultado de a\u00f1os de experiencia y pruebas pr\u00e1cticas. Han sido dise\u00f1ados para ser implementados con un m\u00ednimo esfuerzo y permanecer independientemente de los cambios de personal y turnos. Como resultado, los empleados pueden ser capacitados de manera r\u00e1pida y efectiva sin tener que temer la p\u00e9rdida de calidad.<\/p>\n<p>Un agradecimiento especial a mis socios y colegas, que han contribuido decisivamente al desarrollo y adaptaci\u00f3n de estas normas con su experiencia pr\u00e1ctica concreta y sus conocimientos t\u00e9cnicos. Un agradecimiento especial a mi esposa, Martha Cecilia, quien trabaj\u00f3 incansablemente para hacer correcciones, verificaciones de documentos y mejoras.<\/p>\n<p>La calidad de nuestros est\u00e1ndares ha sido probada y confirmada por organismos de certificaci\u00f3n acreditados internacionalmente como T\u00dcV. Numerosos hoteles y restaurantes en el pa\u00eds y en el extranjero ya conf\u00edan en nuestros est\u00e1ndares y se benefician de sus ventajas.<\/p>\n<p>Les deseo mucha alegr\u00eda y \u00e9xito en la aplicaci\u00f3n de estas normas y estoy convencido de que contribuir\u00e1n de manera valiosa a la optimizaci\u00f3n de sus operaciones.<\/p>\n","protected":false},"excerpt":{"rendered":"<p>Nuestros est\u00e1ndares de calidad sostenible para hoteles medianos y privados ofrecen pautas claras para mejorar la eficiencia y la comunicaci\u00f3n. Desarrollados y probados con a\u00f1os de experiencia, respaldados por certificaciones internacionales como T\u00dcV.<\/p>\n","protected":false},"featured_media":14583,"comment_status":"closed","ping_status":"closed","template":"","meta":[],"product_brand":[],"product_cat":[308],"product_tag":[],"class_list":{"0":"post-13941","1":"product","2":"type-product","3":"status-publish","4":"has-post-thumbnail","6":"product_cat-estandares-de-calidad-sostenibles-para-hoteles-es","8":"first","9":"instock","10":"downloadable","11":"virtual","12":"taxable","13":"purchasable","14":"product-type-simple"},"_links":{"self":[{"href":"https:\/\/business.german-hotel-institute.de\/es\/wp-json\/wp\/v2\/product\/13941","targetHints":{"allow":["GET"]}}],"collection":[{"href":"https:\/\/business.german-hotel-institute.de\/es\/wp-json\/wp\/v2\/product"}],"about":[{"href":"https:\/\/business.german-hotel-institute.de\/es\/wp-json\/wp\/v2\/types\/product"}],"replies":[{"embeddable":true,"href":"https:\/\/business.german-hotel-institute.de\/es\/wp-json\/wp\/v2\/comments?post=13941"}],"wp:featuredmedia":[{"embeddable":true,"href":"https:\/\/business.german-hotel-institute.de\/es\/wp-json\/wp\/v2\/media\/14583"}],"wp:attachment":[{"href":"https:\/\/business.german-hotel-institute.de\/es\/wp-json\/wp\/v2\/media?parent=13941"}],"wp:term":[{"taxonomy":"product_brand","embeddable":true,"href":"https:\/\/business.german-hotel-institute.de\/es\/wp-json\/wp\/v2\/product_brand?post=13941"},{"taxonomy":"product_cat","embeddable":true,"href":"https:\/\/business.german-hotel-institute.de\/es\/wp-json\/wp\/v2\/product_cat?post=13941"},{"taxonomy":"product_tag","embeddable":true,"href":"https:\/\/business.german-hotel-institute.de\/es\/wp-json\/wp\/v2\/product_tag?post=13941"}],"curies":[{"name":"wp","href":"https:\/\/api.w.org\/{rel}","templated":true}]}}