{"id":14174,"date":"2024-02-17T12:19:21","date_gmt":"2024-02-17T11:19:21","guid":{"rendered":"https:\/\/business.german-hotel-institute.de\/?post_type=product&#038;p=14174"},"modified":"2024-11-01T10:20:01","modified_gmt":"2024-11-01T09:20:01","slug":"estandares-de-calidad-sostenibles-para-el-departamento-de-housekeeping","status":"publish","type":"product","link":"https:\/\/business.german-hotel-institute.de\/es\/produkt\/estandares-de-calidad-sostenibles-para-el-departamento-de-housekeeping\/","title":{"rendered":"Est\u00e1ndares de calidad sostenibles para el departamento de Housekeeping"},"content":{"rendered":"<p>\u00a1Bienvenido, me siento muy complacido de que haya elegido nuestro<br \/>\nconcepto de Housekeeping! Estas plantillas est\u00e1n dise\u00f1adas para definir<br \/>\nclaramente los est\u00e1ndares sostenibles en Housekeeping y garantizar que<br \/>\ntodos los empleados entiendan los requisitos y los implementen de manera<br \/>\nconsistente.<br \/>\nNuestro concepto consiste en instrucciones y descripciones de trabajo<br \/>\ndetalladas, listas de verificaci\u00f3n y pautas que establecen est\u00e1ndares<br \/>\nuniformes para la limpieza y el mantenimiento de habitaciones y otros<br \/>\nespacios. Desde la limpieza de las zonas comunes hasta la limpieza a fondo<br \/>\nde una habitaci\u00f3n. Cada elemento de este concepto est\u00e1 dise\u00f1ado para<br \/>\nproporcionar a sus hu\u00e9spedes una estancia impecable.<br \/>\nAdem\u00e1s, damos gran importancia a la sostenibilidad en el \u00e1rea de<br \/>\nHousekeeping y nos esforzamos por utilizar los recursos de manera eficiente<br \/>\ny minimizar los impactos ambientales adversos. Nuestros procesos de<br \/>\nlimpieza se revisan y optimizan regularmente para garantizar que<br \/>\nmantenemos los m\u00e1s altos est\u00e1ndares de limpieza y protecci\u00f3n del medio<br \/>\nambiente. Tambi\u00e9n han sido probados varias veces por T\u00dcV.<br \/>\nPara garantizar la eficacia de nuestro equipo de Housekeeping encontrar\u00e1<br \/>\nlistas de verificaci\u00f3n detalladas y descripciones de puestos de trabajo en este<br \/>\nconcepto, que definen claramente los deberes y responsabilidades de cada<br \/>\nempleado. Creemos firmemente que una comunicaci\u00f3n y expectativas claras<br \/>\ncontribuyen a un rendimiento excepcional.<br \/>\nLe invitamos a adaptar este concepto a sus necesidades y utilizarlo como gu\u00eda<br \/>\npara las tareas diarias. Al implementar estos est\u00e1ndares, puede asegurarse<br \/>\nde que sus hu\u00e9spedes disfruten de una estad\u00eda memorable y agradable.<br \/>\nGracias por su compromiso con la excelencia en Housekeeping.<\/p>\n","protected":false},"excerpt":{"rendered":"<p>Nuestro concepto de limpieza define est\u00e1ndares sostenibles para la limpieza y el cuidado de habitaciones y locales. Con instrucciones detalladas, listas de verificaci\u00f3n y descripciones de trabajo, garantizamos una limpieza impecable y protecci\u00f3n del medio ambiente, probado por T\u00dcV.<\/p>\n","protected":false},"featured_media":14575,"comment_status":"closed","ping_status":"closed","template":"","meta":[],"product_brand":[],"product_cat":[308],"product_tag":[],"class_list":{"0":"post-14174","1":"product","2":"type-product","3":"status-publish","4":"has-post-thumbnail","6":"product_cat-estandares-de-calidad-sostenibles-para-hoteles-es","8":"first","9":"instock","10":"downloadable","11":"virtual","12":"taxable","13":"purchasable","14":"product-type-simple"},"_links":{"self":[{"href":"https:\/\/business.german-hotel-institute.de\/es\/wp-json\/wp\/v2\/product\/14174","targetHints":{"allow":["GET"]}}],"collection":[{"href":"https:\/\/business.german-hotel-institute.de\/es\/wp-json\/wp\/v2\/product"}],"about":[{"href":"https:\/\/business.german-hotel-institute.de\/es\/wp-json\/wp\/v2\/types\/product"}],"replies":[{"embeddable":true,"href":"https:\/\/business.german-hotel-institute.de\/es\/wp-json\/wp\/v2\/comments?post=14174"}],"wp:featuredmedia":[{"embeddable":true,"href":"https:\/\/business.german-hotel-institute.de\/es\/wp-json\/wp\/v2\/media\/14575"}],"wp:attachment":[{"href":"https:\/\/business.german-hotel-institute.de\/es\/wp-json\/wp\/v2\/media?parent=14174"}],"wp:term":[{"taxonomy":"product_brand","embeddable":true,"href":"https:\/\/business.german-hotel-institute.de\/es\/wp-json\/wp\/v2\/product_brand?post=14174"},{"taxonomy":"product_cat","embeddable":true,"href":"https:\/\/business.german-hotel-institute.de\/es\/wp-json\/wp\/v2\/product_cat?post=14174"},{"taxonomy":"product_tag","embeddable":true,"href":"https:\/\/business.german-hotel-institute.de\/es\/wp-json\/wp\/v2\/product_tag?post=14174"}],"curies":[{"name":"wp","href":"https:\/\/api.w.org\/{rel}","templated":true}]}}