{"id":14178,"date":"2024-02-19T20:50:20","date_gmt":"2024-02-19T19:50:20","guid":{"rendered":"https:\/\/business.german-hotel-institute.de\/?post_type=product&#038;p=14178"},"modified":"2024-11-01T10:18:08","modified_gmt":"2024-11-01T09:18:08","slug":"estandares-de-calidad-sostenibles-para-el-desayuno-y-brunch","status":"publish","type":"product","link":"https:\/\/business.german-hotel-institute.de\/es\/produkt\/estandares-de-calidad-sostenibles-para-el-desayuno-y-brunch\/","title":{"rendered":"Est\u00e1ndares de calidad sostenibles para el desayuno y brunch"},"content":{"rendered":"<p>La importancia de las pr\u00e1cticas sostenibles en el sector hotelero es cada vez m\u00e1s evidente a medida que nos enfrentamos a retos globales como el cambio clim\u00e1tico y la escasez de recursos. En nuestro manual \u00abEst\u00e1ndares de Calidad Sostenible para el \u00e1rea del Desayuno\u00bb, nos hemos fijado el objetivo de hacer justicia precisamente a estos temas. Esta publicaci\u00f3n est\u00e1 dirigida a los establecimientos que operan en el \u00e1rea del desayuno y que buscan formas de optimizar sus operaciones y reducir su impacto ambiental, garantizando al mismo tiempo los m\u00e1s altos est\u00e1ndares de calidad.<br \/>\nNuestros est\u00e1ndares de calidad son el resultado de una extensa investigaci\u00f3n y aplicaci\u00f3n pr\u00e1ctica. Proporcionan una orientaci\u00f3n clara para que el personal garantice que todos los aspectos del servicio de desayuno sean eficientes, sostenibles y de alta calidad. Esto no solo promueve un ambiente de trabajo positivo, sino que tambi\u00e9n aumenta la confianza de los hu\u00e9spedes en la operaci\u00f3n.<br \/>\nNos gustar\u00eda expresar nuestro m\u00e1s sincero agradecimiento a nuestros socios y colaboradores, que han contribuido significativamente al desarrollo de estos est\u00e1ndares de calidad a trav\u00e9s de su experiencia y apoyo. Un agradecimiento especial a mi equipo y a todos los implicados que han hecho posible este camino con su dedicaci\u00f3n y compromiso.<\/p>\n<p>La aplicabilidad de nuestras normas ha sido probada y confirmada a trav\u00e9s de la cooperaci\u00f3n con organismos de certificaci\u00f3n de renombre. Numerosas empresas nacionales e internacionales ya trabajan con \u00e9xito con nuestros est\u00e1ndares y se benefician de su aplicaci\u00f3n. Estoy seguro de que estos est\u00e1ndares de calidad no solo ayudar\u00e1n a optimizar sus operaciones, sino que tambi\u00e9n har\u00e1n una contribuci\u00f3n importante a la sostenibilidad y el \u00e9xito a largo plazo de su \u00e1rea de desayuno.<\/p>\n","protected":false},"excerpt":{"rendered":"<p>Nuestro manual \u00abEst\u00e1ndares de calidad sostenibles para la zona de desayuno\u00bb es la respuesta a la creciente demanda de soluciones respetuosas con el medio ambiente en el sector de la restauraci\u00f3n. Los procesos eficientes y los m\u00e1s altos est\u00e1ndares de calidad promueven un ambiente de trabajo positivo y la confianza de los hu\u00e9spedes.<\/p>\n","protected":false},"featured_media":14591,"comment_status":"closed","ping_status":"closed","template":"","meta":[],"product_brand":[],"product_cat":[311],"product_tag":[],"class_list":{"0":"post-14178","1":"product","2":"type-product","3":"status-publish","4":"has-post-thumbnail","6":"product_cat-estandares-de-calidad-sostenibles-para-restaurantes","8":"first","9":"instock","10":"downloadable","11":"virtual","12":"taxable","13":"purchasable","14":"product-type-simple"},"_links":{"self":[{"href":"https:\/\/business.german-hotel-institute.de\/es\/wp-json\/wp\/v2\/product\/14178","targetHints":{"allow":["GET"]}}],"collection":[{"href":"https:\/\/business.german-hotel-institute.de\/es\/wp-json\/wp\/v2\/product"}],"about":[{"href":"https:\/\/business.german-hotel-institute.de\/es\/wp-json\/wp\/v2\/types\/product"}],"replies":[{"embeddable":true,"href":"https:\/\/business.german-hotel-institute.de\/es\/wp-json\/wp\/v2\/comments?post=14178"}],"wp:featuredmedia":[{"embeddable":true,"href":"https:\/\/business.german-hotel-institute.de\/es\/wp-json\/wp\/v2\/media\/14591"}],"wp:attachment":[{"href":"https:\/\/business.german-hotel-institute.de\/es\/wp-json\/wp\/v2\/media?parent=14178"}],"wp:term":[{"taxonomy":"product_brand","embeddable":true,"href":"https:\/\/business.german-hotel-institute.de\/es\/wp-json\/wp\/v2\/product_brand?post=14178"},{"taxonomy":"product_cat","embeddable":true,"href":"https:\/\/business.german-hotel-institute.de\/es\/wp-json\/wp\/v2\/product_cat?post=14178"},{"taxonomy":"product_tag","embeddable":true,"href":"https:\/\/business.german-hotel-institute.de\/es\/wp-json\/wp\/v2\/product_tag?post=14178"}],"curies":[{"name":"wp","href":"https:\/\/api.w.org\/{rel}","templated":true}]}}